{"id":128,"date":"2023-05-03T08:49:13","date_gmt":"2023-05-03T07:49:13","guid":{"rendered":"https:\/\/velovolg.wpengine.com\/impressum\/"},"modified":"2025-05-22T13:01:51","modified_gmt":"2025-05-22T12:01:51","slug":"mentions-legales","status":"publish","type":"page","link":"https:\/\/www.velovolg.ch\/fr\/mentions-legales\/","title":{"rendered":"Mentions l\u00e9gales"},"content":{"rendered":"\n<p><br><strong>Contact &amp; responsabilit\u00e9<\/strong><\/p>\n\n\n\n<p class=\"has-blue-color has-text-color has-link-color wp-elements-847b3f0bb7c0404e71505b0a9a757950\">Volg Konsumwaren AG<br>Deltastrasse 2<br>8404 Winterthur<br>T\u00e9l\u00e9phone 058 433 55 55<br>E-Mail: <a href=\"mailto:info@volg.ch\">info@volg.ch<\/a><\/p>\n\n\n\n<p>Registre du commerce du canton de Zurich<br>CHE-105.854.263<\/p>\n\n\n\n<p>Num\u00e9ro d\u2019identification de TVA<br>CHE-105.854.263 MWST<\/p>\n\n\n\n<div style=\"height:100px\" aria-hidden=\"true\" class=\"wp-block-spacer\"><\/div>\n","protected":false},"excerpt":{"rendered":"<p>Contact &amp; responsabilit\u00e9 Volg Konsumwaren AGDeltastrasse 28404 WinterthurT\u00e9l\u00e9phone 058 433 55 55E-Mail: info@volg.ch Registre du commerce du canton de ZurichCHE-105.854.263 Num\u00e9ro d\u2019identification de TVACHE-105.854.263 MWST<\/p>\n","protected":false},"author":2,"featured_media":0,"parent":0,"menu_order":0,"comment_status":"closed","ping_status":"closed","template":"","meta":{"_acf_changed":false,"inline_featured_image":false,"_genesis_hide_title":false,"_genesis_hide_breadcrumbs":false,"_genesis_hide_singular_image":false,"_genesis_hide_footer_widgets":false,"_genesis_custom_body_class":"","_genesis_custom_post_class":"","_genesis_layout":"","footnotes":""},"class_list":{"0":"post-128","1":"page","2":"type-page","3":"status-publish","5":"entry"},"acf":[],"_links":{"self":[{"href":"https:\/\/www.velovolg.ch\/fr\/wp-json\/wp\/v2\/pages\/128","targetHints":{"allow":["GET"]}}],"collection":[{"href":"https:\/\/www.velovolg.ch\/fr\/wp-json\/wp\/v2\/pages"}],"about":[{"href":"https:\/\/www.velovolg.ch\/fr\/wp-json\/wp\/v2\/types\/page"}],"author":[{"embeddable":true,"href":"https:\/\/www.velovolg.ch\/fr\/wp-json\/wp\/v2\/users\/2"}],"replies":[{"embeddable":true,"href":"https:\/\/www.velovolg.ch\/fr\/wp-json\/wp\/v2\/comments?post=128"}],"version-history":[{"count":1,"href":"https:\/\/www.velovolg.ch\/fr\/wp-json\/wp\/v2\/pages\/128\/revisions"}],"predecessor-version":[{"id":4527,"href":"https:\/\/www.velovolg.ch\/fr\/wp-json\/wp\/v2\/pages\/128\/revisions\/4527"}],"wp:attachment":[{"href":"https:\/\/www.velovolg.ch\/fr\/wp-json\/wp\/v2\/media?parent=128"}],"curies":[{"name":"wp","href":"https:\/\/api.w.org\/{rel}","templated":true}]}}